{"id":25738,"date":"2022-04-19T10:45:19","date_gmt":"2022-04-19T10:45:19","guid":{"rendered":"https:\/\/duanonline.com.vn\/vi\/?page_id=25738"},"modified":"2022-04-19T10:45:36","modified_gmt":"2022-04-19T10:45:36","slug":"khu-do-thi-an-binh-tan","status":"publish","type":"page","link":"https:\/\/duanonline.com.vn\/vi\/khu-do-thi-an-binh-tan\/","title":{"rendered":"Khu \u0110\u00f4 Th\u1ecb An B\u00ecnh T\u00e2n"},"content":{"rendered":"\n\n<div class=\"kk-star-ratings kksr-auto kksr-align-left kksr-valign-bottom\"\n    data-payload='{&quot;align&quot;:&quot;left&quot;,&quot;id&quot;:&quot;25738&quot;,&quot;slug&quot;:&quot;default&quot;,&quot;valign&quot;:&quot;bottom&quot;,&quot;ignore&quot;:&quot;&quot;,&quot;reference&quot;:&quot;auto&quot;,&quot;class&quot;:&quot;&quot;,&quot;count&quot;:&quot;0&quot;,&quot;legendonly&quot;:&quot;&quot;,&quot;readonly&quot;:&quot;&quot;,&quot;score&quot;:&quot;0&quot;,&quot;starsonly&quot;:&quot;&quot;,&quot;best&quot;:&quot;5&quot;,&quot;gap&quot;:&quot;5&quot;,&quot;greet&quot;:&quot;Rate this page&quot;,&quot;legend&quot;:&quot;0\\\/5 - (0 b\u00ecnh ch\u1ecdn)&quot;,&quot;size&quot;:&quot;22&quot;,&quot;title&quot;:&quot;Khu \u0110\u00f4 Th\u1ecb An B\u00ecnh T\u00e2n&quot;,&quot;width&quot;:&quot;0&quot;,&quot;_legend&quot;:&quot;{score}\\\/{best} - ({count} {votes})&quot;,&quot;font_factor&quot;:&quot;1.25&quot;}'>\n            \n<div class=\"kksr-stars\">\n    \n<div class=\"kksr-stars-inactive\">\n            <div class=\"kksr-star\" data-star=\"1\" style=\"padding-right: 5px\">\n            \n\n<div class=\"kksr-icon\" style=\"width: 22px; height: 22px;\"><\/div>\n        <\/div>\n            <div class=\"kksr-star\" data-star=\"2\" style=\"padding-right: 5px\">\n            \n\n<div class=\"kksr-icon\" style=\"width: 22px; height: 22px;\"><\/div>\n        <\/div>\n            <div class=\"kksr-star\" data-star=\"3\" style=\"padding-right: 5px\">\n            \n\n<div class=\"kksr-icon\" style=\"width: 22px; height: 22px;\"><\/div>\n        <\/div>\n            <div class=\"kksr-star\" data-star=\"4\" style=\"padding-right: 5px\">\n            \n\n<div class=\"kksr-icon\" style=\"width: 22px; height: 22px;\"><\/div>\n        <\/div>\n            <div class=\"kksr-star\" data-star=\"5\" style=\"padding-right: 5px\">\n            \n\n<div class=\"kksr-icon\" style=\"width: 22px; height: 22px;\"><\/div>\n        <\/div>\n    <\/div>\n    \n<div class=\"kksr-stars-active\" style=\"width: 0px;\">\n            <div class=\"kksr-star\" style=\"padding-right: 5px\">\n            \n\n<div class=\"kksr-icon\" style=\"width: 22px; height: 22px;\"><\/div>\n        <\/div>\n            <div class=\"kksr-star\" style=\"padding-right: 5px\">\n            \n\n<div class=\"kksr-icon\" style=\"width: 22px; height: 22px;\"><\/div>\n        <\/div>\n            <div class=\"kksr-star\" style=\"padding-right: 5px\">\n            \n\n<div class=\"kksr-icon\" style=\"width: 22px; height: 22px;\"><\/div>\n        <\/div>\n            <div class=\"kksr-star\" style=\"padding-right: 5px\">\n            \n\n<div class=\"kksr-icon\" style=\"width: 22px; height: 22px;\"><\/div>\n        <\/div>\n            <div class=\"kksr-star\" style=\"padding-right: 5px\">\n            \n\n<div class=\"kksr-icon\" style=\"width: 22px; height: 22px;\"><\/div>\n        <\/div>\n    <\/div>\n<\/div>\n                \n\n<div class=\"kksr-legend\" style=\"font-size: 17.6px;\">\n            <span class=\"kksr-muted\">Rate this page<\/span>\n    <\/div>\n    <\/div>\n","protected":false},"excerpt":{"rendered":"","protected":false},"author":1,"featured_media":25722,"parent":0,"menu_order":0,"comment_status":"closed","ping_status":"closed","template":"","meta":{"footnotes":""},"class_list":["post-25738","page","type-page","status-publish","has-post-thumbnail","hentry"],"yoast_head":"<!-- This site is optimized with the Yoast SEO Premium plugin v23.9 (Yoast SEO v25.4) - https:\/\/yoast.com\/wordpress\/plugins\/seo\/ -->\n<title>Khu \u0110\u00f4 Th\u1ecb An B\u00ecnh T\u00e2n<\/title>\n<meta name=\"description\" content=\"Khu \u0110\u00f4 Th\u1ecb An B\u00ecnh T\u00e2n\" \/>\n<meta name=\"robots\" content=\"index, follow, max-snippet:-1, max-image-preview:large, max-video-preview:-1\" \/>\n<link rel=\"canonical\" href=\"https:\/\/duanonline.com.vn\/vi\/khu-do-thi-an-binh-tan\/\" \/>\n<meta property=\"og:locale\" content=\"vi_VN\" \/>\n<meta property=\"og:type\" content=\"article\" \/>\n<meta property=\"og:title\" content=\"Khu \u0110\u00f4 Th\u1ecb An B\u00ecnh T\u00e2n\" \/>\n<meta property=\"og:description\" content=\"Khu \u0110\u00f4 Th\u1ecb An B\u00ecnh T\u00e2n\" \/>\n<meta property=\"og:url\" content=\"https:\/\/duanonline.com.vn\/vi\/khu-do-thi-an-binh-tan\/\" \/>\n<meta property=\"og:site_name\" content=\"D\u1ef1 \u00e1n Online\" \/>\n<meta property=\"article:publisher\" content=\"https:\/\/www.facebook.com\/kenhduan2020\" \/>\n<meta property=\"article:modified_time\" content=\"2022-04-19T10:45:36+00:00\" \/>\n<meta property=\"og:image\" content=\"https:\/\/duanonline.com.vn\/wp-content\/uploads\/2022\/04\/shophouse-the-light-city-vinh-yen.jpg\" \/>\n\t<meta property=\"og:image:width\" content=\"1600\" \/>\n\t<meta property=\"og:image:height\" content=\"852\" \/>\n\t<meta property=\"og:image:type\" content=\"image\/jpeg\" \/>\n<script type=\"application\/ld+json\" class=\"yoast-schema-graph\">{\"@context\":\"https:\/\/schema.org\",\"@graph\":[{\"@type\":\"WebPage\",\"@id\":\"https:\/\/duanonline.com.vn\/vi\/khu-do-thi-an-binh-tan\/\",\"url\":\"https:\/\/duanonline.com.vn\/vi\/khu-do-thi-an-binh-tan\/\",\"name\":\"Khu \u0110\u00f4 Th\u1ecb An B\u00ecnh T\u00e2n\",\"isPartOf\":{\"@id\":\"https:\/\/duanonline.com.vn\/vi\/#website\"},\"primaryImageOfPage\":{\"@id\":\"https:\/\/duanonline.com.vn\/vi\/khu-do-thi-an-binh-tan\/#primaryimage\"},\"image\":{\"@id\":\"https:\/\/duanonline.com.vn\/vi\/khu-do-thi-an-binh-tan\/#primaryimage\"},\"thumbnailUrl\":\"https:\/\/duanonline.com.vn\/wp-content\/uploads\/2022\/04\/shophouse-the-light-city-vinh-yen.jpg\",\"datePublished\":\"2022-04-19T10:45:19+00:00\",\"dateModified\":\"2022-04-19T10:45:36+00:00\",\"description\":\"Khu \u0110\u00f4 Th\u1ecb An B\u00ecnh T\u00e2n\",\"breadcrumb\":{\"@id\":\"https:\/\/duanonline.com.vn\/vi\/khu-do-thi-an-binh-tan\/#breadcrumb\"},\"inLanguage\":\"vi\",\"potentialAction\":[{\"@type\":\"ReadAction\",\"target\":[\"https:\/\/duanonline.com.vn\/vi\/khu-do-thi-an-binh-tan\/\"]}]},{\"@type\":\"ImageObject\",\"inLanguage\":\"vi\",\"@id\":\"https:\/\/duanonline.com.vn\/vi\/khu-do-thi-an-binh-tan\/#primaryimage\",\"url\":\"https:\/\/duanonline.com.vn\/wp-content\/uploads\/2022\/04\/shophouse-the-light-city-vinh-yen.jpg\",\"contentUrl\":\"https:\/\/duanonline.com.vn\/wp-content\/uploads\/2022\/04\/shophouse-the-light-city-vinh-yen.jpg\",\"width\":1600,\"height\":852},{\"@type\":\"BreadcrumbList\",\"@id\":\"https:\/\/duanonline.com.vn\/vi\/khu-do-thi-an-binh-tan\/#breadcrumb\",\"itemListElement\":[{\"@type\":\"ListItem\",\"position\":1,\"name\":\"Trang ch\u1ee7\",\"item\":\"https:\/\/duanonline.com.vn\/vi\/\"},{\"@type\":\"ListItem\",\"position\":2,\"name\":\"Khu \u0110\u00f4 Th\u1ecb An B\u00ecnh T\u00e2n\"}]},{\"@type\":\"WebSite\",\"@id\":\"https:\/\/duanonline.com.vn\/vi\/#website\",\"url\":\"https:\/\/duanonline.com.vn\/vi\/\",\"name\":\"D\u1ef1 \u00e1n Online\",\"description\":\"Chuy\u00ean trang d\u1ef1 \u00e1n B\u1ea5t \u0110\u1ed9ng S\u1ea3n\",\"publisher\":{\"@id\":\"https:\/\/duanonline.com.vn\/vi\/#organization\"},\"potentialAction\":[{\"@type\":\"SearchAction\",\"target\":{\"@type\":\"EntryPoint\",\"urlTemplate\":\"https:\/\/duanonline.com.vn\/vi\/?s={search_term_string}\"},\"query-input\":{\"@type\":\"PropertyValueSpecification\",\"valueRequired\":true,\"valueName\":\"search_term_string\"}}],\"inLanguage\":\"vi\"},{\"@type\":\"Organization\",\"@id\":\"https:\/\/duanonline.com.vn\/vi\/#organization\",\"name\":\"D\u1ef1 \u00e1n Online\",\"url\":\"https:\/\/duanonline.com.vn\/vi\/\",\"logo\":{\"@type\":\"ImageObject\",\"inLanguage\":\"vi\",\"@id\":\"https:\/\/duanonline.com.vn\/vi\/#\/schema\/logo\/image\/\",\"url\":\"https:\/\/duanonline.com.vn\/wp-content\/uploads\/2023\/07\/header-logo.svg\",\"contentUrl\":\"https:\/\/duanonline.com.vn\/wp-content\/uploads\/2023\/07\/header-logo.svg\",\"width\":1,\"height\":1,\"caption\":\"D\u1ef1 \u00e1n Online\"},\"image\":{\"@id\":\"https:\/\/duanonline.com.vn\/vi\/#\/schema\/logo\/image\/\"},\"sameAs\":[\"https:\/\/www.facebook.com\/kenhduan2020\"]}]}<\/script>\n<!-- \/ Yoast SEO Premium plugin. -->","yoast_head_json":{"title":"Khu \u0110\u00f4 Th\u1ecb An B\u00ecnh T\u00e2n","description":"Khu \u0110\u00f4 Th\u1ecb An B\u00ecnh T\u00e2n","robots":{"index":"index","follow":"follow","max-snippet":"max-snippet:-1","max-image-preview":"max-image-preview:large","max-video-preview":"max-video-preview:-1"},"canonical":"https:\/\/duanonline.com.vn\/vi\/khu-do-thi-an-binh-tan\/","og_locale":"vi_VN","og_type":"article","og_title":"Khu \u0110\u00f4 Th\u1ecb An B\u00ecnh T\u00e2n","og_description":"Khu \u0110\u00f4 Th\u1ecb An B\u00ecnh T\u00e2n","og_url":"https:\/\/duanonline.com.vn\/vi\/khu-do-thi-an-binh-tan\/","og_site_name":"D\u1ef1 \u00e1n Online","article_publisher":"https:\/\/www.facebook.com\/kenhduan2020","article_modified_time":"2022-04-19T10:45:36+00:00","og_image":[{"width":1600,"height":852,"url":"https:\/\/duanonline.com.vn\/wp-content\/uploads\/2022\/04\/shophouse-the-light-city-vinh-yen.jpg","type":"image\/jpeg"}],"schema":{"@context":"https:\/\/schema.org","@graph":[{"@type":"WebPage","@id":"https:\/\/duanonline.com.vn\/vi\/khu-do-thi-an-binh-tan\/","url":"https:\/\/duanonline.com.vn\/vi\/khu-do-thi-an-binh-tan\/","name":"Khu \u0110\u00f4 Th\u1ecb An B\u00ecnh T\u00e2n","isPartOf":{"@id":"https:\/\/duanonline.com.vn\/vi\/#website"},"primaryImageOfPage":{"@id":"https:\/\/duanonline.com.vn\/vi\/khu-do-thi-an-binh-tan\/#primaryimage"},"image":{"@id":"https:\/\/duanonline.com.vn\/vi\/khu-do-thi-an-binh-tan\/#primaryimage"},"thumbnailUrl":"https:\/\/duanonline.com.vn\/wp-content\/uploads\/2022\/04\/shophouse-the-light-city-vinh-yen.jpg","datePublished":"2022-04-19T10:45:19+00:00","dateModified":"2022-04-19T10:45:36+00:00","description":"Khu \u0110\u00f4 Th\u1ecb An B\u00ecnh T\u00e2n","breadcrumb":{"@id":"https:\/\/duanonline.com.vn\/vi\/khu-do-thi-an-binh-tan\/#breadcrumb"},"inLanguage":"vi","potentialAction":[{"@type":"ReadAction","target":["https:\/\/duanonline.com.vn\/vi\/khu-do-thi-an-binh-tan\/"]}]},{"@type":"ImageObject","inLanguage":"vi","@id":"https:\/\/duanonline.com.vn\/vi\/khu-do-thi-an-binh-tan\/#primaryimage","url":"https:\/\/duanonline.com.vn\/wp-content\/uploads\/2022\/04\/shophouse-the-light-city-vinh-yen.jpg","contentUrl":"https:\/\/duanonline.com.vn\/wp-content\/uploads\/2022\/04\/shophouse-the-light-city-vinh-yen.jpg","width":1600,"height":852},{"@type":"BreadcrumbList","@id":"https:\/\/duanonline.com.vn\/vi\/khu-do-thi-an-binh-tan\/#breadcrumb","itemListElement":[{"@type":"ListItem","position":1,"name":"Trang ch\u1ee7","item":"https:\/\/duanonline.com.vn\/vi\/"},{"@type":"ListItem","position":2,"name":"Khu \u0110\u00f4 Th\u1ecb An B\u00ecnh T\u00e2n"}]},{"@type":"WebSite","@id":"https:\/\/duanonline.com.vn\/vi\/#website","url":"https:\/\/duanonline.com.vn\/vi\/","name":"D\u1ef1 \u00e1n Online","description":"Chuy\u00ean trang d\u1ef1 \u00e1n B\u1ea5t \u0110\u1ed9ng S\u1ea3n","publisher":{"@id":"https:\/\/duanonline.com.vn\/vi\/#organization"},"potentialAction":[{"@type":"SearchAction","target":{"@type":"EntryPoint","urlTemplate":"https:\/\/duanonline.com.vn\/vi\/?s={search_term_string}"},"query-input":{"@type":"PropertyValueSpecification","valueRequired":true,"valueName":"search_term_string"}}],"inLanguage":"vi"},{"@type":"Organization","@id":"https:\/\/duanonline.com.vn\/vi\/#organization","name":"D\u1ef1 \u00e1n Online","url":"https:\/\/duanonline.com.vn\/vi\/","logo":{"@type":"ImageObject","inLanguage":"vi","@id":"https:\/\/duanonline.com.vn\/vi\/#\/schema\/logo\/image\/","url":"https:\/\/duanonline.com.vn\/wp-content\/uploads\/2023\/07\/header-logo.svg","contentUrl":"https:\/\/duanonline.com.vn\/wp-content\/uploads\/2023\/07\/header-logo.svg","width":1,"height":1,"caption":"D\u1ef1 \u00e1n Online"},"image":{"@id":"https:\/\/duanonline.com.vn\/vi\/#\/schema\/logo\/image\/"},"sameAs":["https:\/\/www.facebook.com\/kenhduan2020"]}]}},"_links":{"self":[{"href":"https:\/\/duanonline.com.vn\/vi\/wp-json\/wp\/v2\/pages\/25738","targetHints":{"allow":["GET"]}}],"collection":[{"href":"https:\/\/duanonline.com.vn\/vi\/wp-json\/wp\/v2\/pages"}],"about":[{"href":"https:\/\/duanonline.com.vn\/vi\/wp-json\/wp\/v2\/types\/page"}],"author":[{"embeddable":true,"href":"https:\/\/duanonline.com.vn\/vi\/wp-json\/wp\/v2\/users\/1"}],"replies":[{"embeddable":true,"href":"https:\/\/duanonline.com.vn\/vi\/wp-json\/wp\/v2\/comments?post=25738"}],"version-history":[{"count":1,"href":"https:\/\/duanonline.com.vn\/vi\/wp-json\/wp\/v2\/pages\/25738\/revisions"}],"predecessor-version":[{"id":25739,"href":"https:\/\/duanonline.com.vn\/vi\/wp-json\/wp\/v2\/pages\/25738\/revisions\/25739"}],"wp:featuredmedia":[{"embeddable":true,"href":"https:\/\/duanonline.com.vn\/vi\/wp-json\/wp\/v2\/media\/25722"}],"wp:attachment":[{"href":"https:\/\/duanonline.com.vn\/vi\/wp-json\/wp\/v2\/media?parent=25738"}],"curies":[{"name":"wp","href":"https:\/\/api.w.org\/{rel}","templated":true}]}}