{"id":737,"date":"2017-12-15T05:57:53","date_gmt":"2017-12-15T05:57:53","guid":{"rendered":"https:\/\/nhadatnhatrang79.com\/?page_id=737"},"modified":"2017-12-15T05:57:53","modified_gmt":"2017-12-15T05:57:53","slug":"can-ho-condotel-dragon-fairy-nha-trang","status":"publish","type":"page","link":"https:\/\/duanonline.com.vn\/vi\/can-ho-condotel-dragon-fairy-nha-trang\/","title":{"rendered":"C\u0102N H\u1ed8 CONDOTEL DRAGON FAIRY NHA TRANG"},"content":{"rendered":"<p>[vc_row][vc_column][td_block_slide category_id=&#8221;53&#8243; separator=&#8221;&#8221; tdc_css=&#8221;&#8221;][\/vc_column][\/vc_row][vc_row][vc_column][vc_column_text]T\u1ed5ng quan d\u1ef1 \u00e1n Dragon Fairy<\/p>\n<p>    T\u00ean d\u1ef1 \u00e1n: Dragon Fairy Nha Trang<br \/>\n    Ch\u1ee7 \u0111\u1ea7u t\u01b0:  (Th\u00e0nh vi\u00ean t\u1eadp \u0111o\u00e0n Ho\u00e0n C\u1ea7u) C\u00f4ng ty TNHH cao \u1ed1c 89<br \/>\n    \u0110\u01a1n v\u1ecb t\u01b0 v\u1ea5n gi\u00e1m s\u00e1t: C\u00f4ng ty TNHH t\u01b0 v\u1ea5n x\u00e2y d\u1ef1ng V.M CN Nha Trang<br \/>\n    V\u1ecb tr\u00ed d\u1ef1 \u00e1n: S\u1ed1 89, \u0111\u01b0\u1eddng Tr\u1ea7n Ph\u00fa, Ph\u01b0\u1eddng V\u0129nh Nguy\u00ean, th\u00e0nh ph\u1ed1 Nha Trang, t\u1ec9nh Kh\u00e1nh H\u00f2a<br \/>\n    T\u1ed5ng di\u1ec7n t\u00edch \u0111\u1ea5t: 2594 m2<br \/>\n    Lo\u1ea1i h\u00ecnh ph\u00e1t tri\u1ec3n: T\u1ed5 h\u1ee3p TTTM, c\u0103n h\u1ed9 d\u1ecbch v\u1ee5 v\u00e0 c\u0103n h\u1ed9 chung c\u01b0 ti\u00eau chu\u1ea9n 5 SAO<br \/>\n    Quy m\u00f4 d\u1ef1 \u00e1n: Cao 36 t\u1ea7ng, 3 t\u1ea7ng h\u1ea7m, 4,5 t\u1ea7ng ti\u1ec7n \u00edch (TTTM, Bar, b\u1ec3 b\u01a1i, casino\u2026), t\u1eeb t\u1ea7ng 5 \u2013 13 l\u00e0 c\u0103n h\u1ed9 kh\u00e1ch s\u1ea1n, t\u1eeb t\u1ea7ng 14-36 l\u00e0 c\u0103n h\u1ed9 chung c\u01b0 cao c\u1ea5p theo ti\u00eau chu\u1ea9n kh\u00e1ch s\u1ea1n 5 Sao.<br \/>\n    Di\u1ec7n t\u00edch: C\u00e1c c\u0103n h\u1ed9 \u0111\u01b0\u1ee3c thi\u1ebft k\u1ebf t\u1eeb 48-74m2 v\u1edbi 1 v\u00e0 2 ph\u00f2ng ng\u1ee7<br \/>\n    M\u1eadt \u0111\u1ed9 x\u00e2y d\u1ef1ng: 47%<br \/>\n    \u0110\u01a1n th\u1ecb thi\u1ebft k\u1ebf v\u00e0 thi c\u00f4ng: Unicons (Th\u00e0nh vi\u00ean c\u1ee7a Cotecons)<br \/>\n    \u0110\u01a1n th\u1ecb qu\u1ea3n l\u00fd v\u00e0 v\u1eadn h\u00e0nh: C\u00f4ng ty CP t\u01b0 v\u1ea5n qu\u1ea3n l\u00fd kh\u00e1ch s\u1ea1n L&#038;N (\u0110\u01a1n v\u1ecb qu\u1ea3n l\u00fd v\u00e0 v\u1eadn h\u00e0nh d\u1ef1 \u00e1n Diamond Bay Hotel, Diamond Bay Condotel, Nha Trang Center 20 Tr\u1ea7n Ph\u00fa)<br \/>\n    S\u1ed1 l\u01b0\u1ee3ng c\u0103n: 442 c\u0103n, s\u1ed5 \u0111\u1ecf v\u0129nh vi\u1ec5n t\u1eebng c\u0103n, c\u00f3 th\u1ec3 \u0111\u0103ng k\u00fd HKTT.<br \/>\n    Kh\u1edfi c\u00f4ng: Qu\u00fd 3 n\u0103m 2017<br \/>\n    B\u00e0n giao: th\u00e1ng 12 n\u0103m 2019[\/vc_column_text][\/vc_column][\/vc_row]<\/p>\n\n\n<div class=\"kk-star-ratings kksr-auto kksr-align-left kksr-valign-bottom\"\n    data-payload='{&quot;align&quot;:&quot;left&quot;,&quot;id&quot;:&quot;737&quot;,&quot;slug&quot;:&quot;default&quot;,&quot;valign&quot;:&quot;bottom&quot;,&quot;ignore&quot;:&quot;&quot;,&quot;reference&quot;:&quot;auto&quot;,&quot;class&quot;:&quot;&quot;,&quot;count&quot;:&quot;0&quot;,&quot;legendonly&quot;:&quot;&quot;,&quot;readonly&quot;:&quot;&quot;,&quot;score&quot;:&quot;0&quot;,&quot;starsonly&quot;:&quot;&quot;,&quot;best&quot;:&quot;5&quot;,&quot;gap&quot;:&quot;5&quot;,&quot;greet&quot;:&quot;Rate this page&quot;,&quot;legend&quot;:&quot;0\\\/5 - (0 b\u00ecnh ch\u1ecdn)&quot;,&quot;size&quot;:&quot;22&quot;,&quot;title&quot;:&quot;C\u0102N H\u1ed8 CONDOTEL DRAGON FAIRY NHA TRANG&quot;,&quot;width&quot;:&quot;0&quot;,&quot;_legend&quot;:&quot;{score}\\\/{best} - ({count} {votes})&quot;,&quot;font_factor&quot;:&quot;1.25&quot;}'>\n            \n<div class=\"kksr-stars\">\n    \n<div class=\"kksr-stars-inactive\">\n            <div class=\"kksr-star\" data-star=\"1\" style=\"padding-right: 5px\">\n            \n\n<div class=\"kksr-icon\" style=\"width: 22px; height: 22px;\"><\/div>\n        <\/div>\n            <div class=\"kksr-star\" data-star=\"2\" style=\"padding-right: 5px\">\n            \n\n<div class=\"kksr-icon\" style=\"width: 22px; height: 22px;\"><\/div>\n        <\/div>\n            <div class=\"kksr-star\" data-star=\"3\" style=\"padding-right: 5px\">\n            \n\n<div class=\"kksr-icon\" style=\"width: 22px; height: 22px;\"><\/div>\n        <\/div>\n            <div class=\"kksr-star\" data-star=\"4\" style=\"padding-right: 5px\">\n            \n\n<div class=\"kksr-icon\" style=\"width: 22px; height: 22px;\"><\/div>\n        <\/div>\n            <div class=\"kksr-star\" data-star=\"5\" style=\"padding-right: 5px\">\n            \n\n<div class=\"kksr-icon\" style=\"width: 22px; height: 22px;\"><\/div>\n        <\/div>\n    <\/div>\n    \n<div class=\"kksr-stars-active\" style=\"width: 0px;\">\n            <div class=\"kksr-star\" style=\"padding-right: 5px\">\n            \n\n<div class=\"kksr-icon\" style=\"width: 22px; height: 22px;\"><\/div>\n        <\/div>\n            <div class=\"kksr-star\" style=\"padding-right: 5px\">\n            \n\n<div class=\"kksr-icon\" style=\"width: 22px; height: 22px;\"><\/div>\n        <\/div>\n            <div class=\"kksr-star\" style=\"padding-right: 5px\">\n            \n\n<div class=\"kksr-icon\" style=\"width: 22px; height: 22px;\"><\/div>\n        <\/div>\n            <div class=\"kksr-star\" style=\"padding-right: 5px\">\n            \n\n<div class=\"kksr-icon\" style=\"width: 22px; height: 22px;\"><\/div>\n        <\/div>\n            <div class=\"kksr-star\" style=\"padding-right: 5px\">\n            \n\n<div class=\"kksr-icon\" style=\"width: 22px; height: 22px;\"><\/div>\n        <\/div>\n    <\/div>\n<\/div>\n                \n\n<div class=\"kksr-legend\" style=\"font-size: 17.6px;\">\n            <span class=\"kksr-muted\">Rate this page<\/span>\n    <\/div>\n    <\/div>\n","protected":false},"excerpt":{"rendered":"<p>[vc_row][vc_column][td_block_slide category_id=&#8221;53&#8243; separator=&#8221;&#8221; tdc_css=&#8221;&#8221;][\/vc_column][\/vc_row][vc_row][vc_column][vc_column_text]T\u1ed5ng quan d\u1ef1 \u00e1n Dragon Fairy T\u00ean d\u1ef1 \u00e1n: Dragon Fairy Nha Trang Ch\u1ee7 \u0111\u1ea7u t\u01b0: (Th\u00e0nh vi\u00ean t\u1eadp \u0111o\u00e0n Ho\u00e0n C\u1ea7u) C\u00f4ng ty TNHH cao \u1ed1c 89 \u0110\u01a1n v\u1ecb t\u01b0 v\u1ea5n gi\u00e1m s\u00e1t: C\u00f4ng ty TNHH t\u01b0 v\u1ea5n x\u00e2y d\u1ef1ng V.M CN Nha Trang V\u1ecb tr\u00ed d\u1ef1 \u00e1n: S\u1ed1 89, \u0111\u01b0\u1eddng [&hellip;]<\/p>\n","protected":false},"author":1,"featured_media":0,"parent":0,"menu_order":0,"comment_status":"closed","ping_status":"closed","template":"","meta":{"footnotes":""},"class_list":["post-737","page","type-page","status-publish","hentry"],"yoast_head":"<!-- This site is optimized with the Yoast SEO Premium plugin v23.9 (Yoast SEO v25.4) - https:\/\/yoast.com\/wordpress\/plugins\/seo\/ -->\n<title>C\u0102N H\u1ed8 CONDOTEL DRAGON FAIRY NHA TRANG - D\u1ef1 \u00e1n Online<\/title>\n<meta name=\"robots\" content=\"index, follow, max-snippet:-1, max-image-preview:large, max-video-preview:-1\" \/>\n<link rel=\"canonical\" href=\"https:\/\/duanonline.com.vn\/vi\/can-ho-condotel-dragon-fairy-nha-trang\/\" \/>\n<meta property=\"og:locale\" content=\"vi_VN\" \/>\n<meta property=\"og:type\" content=\"article\" \/>\n<meta property=\"og:title\" content=\"C\u0102N H\u1ed8 CONDOTEL DRAGON FAIRY NHA TRANG\" \/>\n<meta property=\"og:description\" content=\"[vc_row][vc_column][td_block_slide category_id=&#8221;53&#8243; separator=&#8221;&#8221; tdc_css=&#8221;&#8221;][\/vc_column][\/vc_row][vc_row][vc_column][vc_column_text]T\u1ed5ng quan d\u1ef1 \u00e1n Dragon Fairy T\u00ean d\u1ef1 \u00e1n: Dragon Fairy Nha Trang Ch\u1ee7 \u0111\u1ea7u t\u01b0: (Th\u00e0nh vi\u00ean t\u1eadp \u0111o\u00e0n Ho\u00e0n C\u1ea7u) C\u00f4ng ty TNHH cao \u1ed1c 89 \u0110\u01a1n v\u1ecb t\u01b0 v\u1ea5n gi\u00e1m s\u00e1t: C\u00f4ng ty TNHH t\u01b0 v\u1ea5n x\u00e2y d\u1ef1ng V.M CN Nha Trang V\u1ecb tr\u00ed d\u1ef1 \u00e1n: S\u1ed1 89, \u0111\u01b0\u1eddng [&hellip;]\" \/>\n<meta property=\"og:url\" content=\"https:\/\/duanonline.com.vn\/vi\/can-ho-condotel-dragon-fairy-nha-trang\/\" \/>\n<meta property=\"og:site_name\" content=\"D\u1ef1 \u00e1n Online\" \/>\n<meta property=\"article:publisher\" content=\"https:\/\/www.facebook.com\/kenhduan2020\" \/>\n<meta property=\"og:image\" content=\"https:\/\/duanonline.com.vn\/wp-content\/uploads\/2023\/08\/12.webp\" \/>\n\t<meta property=\"og:image:width\" content=\"640\" \/>\n\t<meta property=\"og:image:height\" content=\"360\" \/>\n\t<meta property=\"og:image:type\" content=\"image\/webp\" \/>\n<meta name=\"twitter:label1\" content=\"\u01af\u1edbc t\u00ednh th\u1eddi gian \u0111\u1ecdc\" \/>\n\t<meta name=\"twitter:data1\" content=\"2 ph\u00fat\" \/>\n<script type=\"application\/ld+json\" class=\"yoast-schema-graph\">{\"@context\":\"https:\/\/schema.org\",\"@graph\":[{\"@type\":\"WebPage\",\"@id\":\"https:\/\/duanonline.com.vn\/vi\/can-ho-condotel-dragon-fairy-nha-trang\/\",\"url\":\"https:\/\/duanonline.com.vn\/vi\/can-ho-condotel-dragon-fairy-nha-trang\/\",\"name\":\"C\u0102N H\u1ed8 CONDOTEL DRAGON FAIRY NHA TRANG - D\u1ef1 \u00e1n Online\",\"isPartOf\":{\"@id\":\"https:\/\/duanonline.com.vn\/vi\/#website\"},\"datePublished\":\"2017-12-15T05:57:53+00:00\",\"breadcrumb\":{\"@id\":\"https:\/\/duanonline.com.vn\/vi\/can-ho-condotel-dragon-fairy-nha-trang\/#breadcrumb\"},\"inLanguage\":\"vi\",\"potentialAction\":[{\"@type\":\"ReadAction\",\"target\":[\"https:\/\/duanonline.com.vn\/vi\/can-ho-condotel-dragon-fairy-nha-trang\/\"]}]},{\"@type\":\"BreadcrumbList\",\"@id\":\"https:\/\/duanonline.com.vn\/vi\/can-ho-condotel-dragon-fairy-nha-trang\/#breadcrumb\",\"itemListElement\":[{\"@type\":\"ListItem\",\"position\":1,\"name\":\"Trang ch\u1ee7\",\"item\":\"https:\/\/duanonline.com.vn\/vi\/\"},{\"@type\":\"ListItem\",\"position\":2,\"name\":\"C\u0102N H\u1ed8 CONDOTEL DRAGON FAIRY NHA TRANG\"}]},{\"@type\":\"WebSite\",\"@id\":\"https:\/\/duanonline.com.vn\/vi\/#website\",\"url\":\"https:\/\/duanonline.com.vn\/vi\/\",\"name\":\"D\u1ef1 \u00e1n Online\",\"description\":\"Chuy\u00ean trang d\u1ef1 \u00e1n B\u1ea5t \u0110\u1ed9ng S\u1ea3n\",\"publisher\":{\"@id\":\"https:\/\/duanonline.com.vn\/vi\/#organization\"},\"potentialAction\":[{\"@type\":\"SearchAction\",\"target\":{\"@type\":\"EntryPoint\",\"urlTemplate\":\"https:\/\/duanonline.com.vn\/vi\/?s={search_term_string}\"},\"query-input\":{\"@type\":\"PropertyValueSpecification\",\"valueRequired\":true,\"valueName\":\"search_term_string\"}}],\"inLanguage\":\"vi\"},{\"@type\":\"Organization\",\"@id\":\"https:\/\/duanonline.com.vn\/vi\/#organization\",\"name\":\"D\u1ef1 \u00e1n Online\",\"url\":\"https:\/\/duanonline.com.vn\/vi\/\",\"logo\":{\"@type\":\"ImageObject\",\"inLanguage\":\"vi\",\"@id\":\"https:\/\/duanonline.com.vn\/vi\/#\/schema\/logo\/image\/\",\"url\":\"https:\/\/duanonline.com.vn\/wp-content\/uploads\/2023\/07\/header-logo.svg\",\"contentUrl\":\"https:\/\/duanonline.com.vn\/wp-content\/uploads\/2023\/07\/header-logo.svg\",\"width\":1,\"height\":1,\"caption\":\"D\u1ef1 \u00e1n Online\"},\"image\":{\"@id\":\"https:\/\/duanonline.com.vn\/vi\/#\/schema\/logo\/image\/\"},\"sameAs\":[\"https:\/\/www.facebook.com\/kenhduan2020\"]}]}<\/script>\n<!-- \/ Yoast SEO Premium plugin. -->","yoast_head_json":{"title":"C\u0102N H\u1ed8 CONDOTEL DRAGON FAIRY NHA TRANG - D\u1ef1 \u00e1n Online","robots":{"index":"index","follow":"follow","max-snippet":"max-snippet:-1","max-image-preview":"max-image-preview:large","max-video-preview":"max-video-preview:-1"},"canonical":"https:\/\/duanonline.com.vn\/vi\/can-ho-condotel-dragon-fairy-nha-trang\/","og_locale":"vi_VN","og_type":"article","og_title":"C\u0102N H\u1ed8 CONDOTEL DRAGON FAIRY NHA TRANG","og_description":"[vc_row][vc_column][td_block_slide category_id=&#8221;53&#8243; separator=&#8221;&#8221; tdc_css=&#8221;&#8221;][\/vc_column][\/vc_row][vc_row][vc_column][vc_column_text]T\u1ed5ng quan d\u1ef1 \u00e1n Dragon Fairy T\u00ean d\u1ef1 \u00e1n: Dragon Fairy Nha Trang Ch\u1ee7 \u0111\u1ea7u t\u01b0: (Th\u00e0nh vi\u00ean t\u1eadp \u0111o\u00e0n Ho\u00e0n C\u1ea7u) C\u00f4ng ty TNHH cao \u1ed1c 89 \u0110\u01a1n v\u1ecb t\u01b0 v\u1ea5n gi\u00e1m s\u00e1t: C\u00f4ng ty TNHH t\u01b0 v\u1ea5n x\u00e2y d\u1ef1ng V.M CN Nha Trang V\u1ecb tr\u00ed d\u1ef1 \u00e1n: S\u1ed1 89, \u0111\u01b0\u1eddng [&hellip;]","og_url":"https:\/\/duanonline.com.vn\/vi\/can-ho-condotel-dragon-fairy-nha-trang\/","og_site_name":"D\u1ef1 \u00e1n Online","article_publisher":"https:\/\/www.facebook.com\/kenhduan2020","og_image":[{"width":640,"height":360,"url":"https:\/\/duanonline.com.vn\/wp-content\/uploads\/2023\/08\/12.webp","type":"image\/webp"}],"twitter_misc":{"\u01af\u1edbc t\u00ednh th\u1eddi gian \u0111\u1ecdc":"2 ph\u00fat"},"schema":{"@context":"https:\/\/schema.org","@graph":[{"@type":"WebPage","@id":"https:\/\/duanonline.com.vn\/vi\/can-ho-condotel-dragon-fairy-nha-trang\/","url":"https:\/\/duanonline.com.vn\/vi\/can-ho-condotel-dragon-fairy-nha-trang\/","name":"C\u0102N H\u1ed8 CONDOTEL DRAGON FAIRY NHA TRANG - D\u1ef1 \u00e1n Online","isPartOf":{"@id":"https:\/\/duanonline.com.vn\/vi\/#website"},"datePublished":"2017-12-15T05:57:53+00:00","breadcrumb":{"@id":"https:\/\/duanonline.com.vn\/vi\/can-ho-condotel-dragon-fairy-nha-trang\/#breadcrumb"},"inLanguage":"vi","potentialAction":[{"@type":"ReadAction","target":["https:\/\/duanonline.com.vn\/vi\/can-ho-condotel-dragon-fairy-nha-trang\/"]}]},{"@type":"BreadcrumbList","@id":"https:\/\/duanonline.com.vn\/vi\/can-ho-condotel-dragon-fairy-nha-trang\/#breadcrumb","itemListElement":[{"@type":"ListItem","position":1,"name":"Trang ch\u1ee7","item":"https:\/\/duanonline.com.vn\/vi\/"},{"@type":"ListItem","position":2,"name":"C\u0102N H\u1ed8 CONDOTEL DRAGON FAIRY NHA TRANG"}]},{"@type":"WebSite","@id":"https:\/\/duanonline.com.vn\/vi\/#website","url":"https:\/\/duanonline.com.vn\/vi\/","name":"D\u1ef1 \u00e1n Online","description":"Chuy\u00ean trang d\u1ef1 \u00e1n B\u1ea5t \u0110\u1ed9ng S\u1ea3n","publisher":{"@id":"https:\/\/duanonline.com.vn\/vi\/#organization"},"potentialAction":[{"@type":"SearchAction","target":{"@type":"EntryPoint","urlTemplate":"https:\/\/duanonline.com.vn\/vi\/?s={search_term_string}"},"query-input":{"@type":"PropertyValueSpecification","valueRequired":true,"valueName":"search_term_string"}}],"inLanguage":"vi"},{"@type":"Organization","@id":"https:\/\/duanonline.com.vn\/vi\/#organization","name":"D\u1ef1 \u00e1n Online","url":"https:\/\/duanonline.com.vn\/vi\/","logo":{"@type":"ImageObject","inLanguage":"vi","@id":"https:\/\/duanonline.com.vn\/vi\/#\/schema\/logo\/image\/","url":"https:\/\/duanonline.com.vn\/wp-content\/uploads\/2023\/07\/header-logo.svg","contentUrl":"https:\/\/duanonline.com.vn\/wp-content\/uploads\/2023\/07\/header-logo.svg","width":1,"height":1,"caption":"D\u1ef1 \u00e1n Online"},"image":{"@id":"https:\/\/duanonline.com.vn\/vi\/#\/schema\/logo\/image\/"},"sameAs":["https:\/\/www.facebook.com\/kenhduan2020"]}]}},"_links":{"self":[{"href":"https:\/\/duanonline.com.vn\/vi\/wp-json\/wp\/v2\/pages\/737","targetHints":{"allow":["GET"]}}],"collection":[{"href":"https:\/\/duanonline.com.vn\/vi\/wp-json\/wp\/v2\/pages"}],"about":[{"href":"https:\/\/duanonline.com.vn\/vi\/wp-json\/wp\/v2\/types\/page"}],"author":[{"embeddable":true,"href":"https:\/\/duanonline.com.vn\/vi\/wp-json\/wp\/v2\/users\/1"}],"replies":[{"embeddable":true,"href":"https:\/\/duanonline.com.vn\/vi\/wp-json\/wp\/v2\/comments?post=737"}],"version-history":[{"count":1,"href":"https:\/\/duanonline.com.vn\/vi\/wp-json\/wp\/v2\/pages\/737\/revisions"}],"predecessor-version":[{"id":25871,"href":"https:\/\/duanonline.com.vn\/vi\/wp-json\/wp\/v2\/pages\/737\/revisions\/25871"}],"wp:attachment":[{"href":"https:\/\/duanonline.com.vn\/vi\/wp-json\/wp\/v2\/media?parent=737"}],"curies":[{"name":"wp","href":"https:\/\/api.w.org\/{rel}","templated":true}]}}